{"id":28,"date":"2023-10-23T13:48:44","date_gmt":"2023-10-23T13:48:44","guid":{"rendered":"https:\/\/renesansa.org.ba\/?page_id=28"},"modified":"2024-05-24T13:38:16","modified_gmt":"2024-05-24T13:38:16","slug":"dogadjaji","status":"publish","type":"page","link":"https:\/\/renesansa.org.ba\/index.php\/dogadjaji\/","title":{"rendered":"Dru\u0161tvene aktivnosti"},"content":{"rendered":"\n<p>Za sve \u010dlanice, a naro\u010dito one koje su na po\u010detku ili u procesu lije\u010denja, jako je bitno da prisustvuju ovim aktivnostima jer pored dru\u017eenja mnogo toga nau\u010de na predavanjima kao i iz iskustva onih koje su lije\u010denje uspje\u0161no zavr\u0161ile.<\/p>\n\n\n\n<ul class=\"wp-block-list\">\n<li>Predavanja eminentnih ljekara iz oblasti: onkologije, radiologije, plasti\u010dne i rekonstruktivne hirurgije, fizijatrije i nutricionizma<\/li>\n\n\n\n<li>Obilje\u017eavanje Dana narcisa, u\u010de\u0161\u0107e u <em>Race for the cure<\/em><\/li>\n\n\n\n<li>Knji\u017eevne ve\u010deri<\/li>\n<\/ul>\n\n\n\n<figure class=\"wp-block-gallery has-nested-images columns-2 is-cropped wp-block-gallery-1 is-layout-flex wp-block-gallery-is-layout-flex\">\n<figure class=\"wp-block-image size-large\"><img loading=\"lazy\" decoding=\"async\" width=\"1024\" height=\"768\" data-id=\"138\" src=\"https:\/\/renesansa.org.ba\/wp-content\/uploads\/2024\/05\/race-for-the-cure2-1024x768.jpg\" alt=\"\" class=\"wp-image-138\" srcset=\"https:\/\/renesansa.org.ba\/wp-content\/uploads\/2024\/05\/race-for-the-cure2-1024x768.jpg 1024w, https:\/\/renesansa.org.ba\/wp-content\/uploads\/2024\/05\/race-for-the-cure2-300x225.jpg 300w, https:\/\/renesansa.org.ba\/wp-content\/uploads\/2024\/05\/race-for-the-cure2-768x576.jpg 768w, https:\/\/renesansa.org.ba\/wp-content\/uploads\/2024\/05\/race-for-the-cure2-1536x1152.jpg 1536w, https:\/\/renesansa.org.ba\/wp-content\/uploads\/2024\/05\/race-for-the-cure2.jpg 1600w\" sizes=\"auto, (max-width: 1024px) 100vw, 1024px\" \/><\/figure>\n\n\n\n<figure class=\"wp-block-image size-large\"><img loading=\"lazy\" decoding=\"async\" width=\"768\" height=\"1024\" data-id=\"137\" src=\"https:\/\/renesansa.org.ba\/wp-content\/uploads\/2024\/05\/race-for-the-cure-768x1024.jpg\" alt=\"\" class=\"wp-image-137\" srcset=\"https:\/\/renesansa.org.ba\/wp-content\/uploads\/2024\/05\/race-for-the-cure-768x1024.jpg 768w, https:\/\/renesansa.org.ba\/wp-content\/uploads\/2024\/05\/race-for-the-cure-225x300.jpg 225w, https:\/\/renesansa.org.ba\/wp-content\/uploads\/2024\/05\/race-for-the-cure-1152x1536.jpg 1152w, https:\/\/renesansa.org.ba\/wp-content\/uploads\/2024\/05\/race-for-the-cure.jpg 1200w\" sizes=\"auto, (max-width: 768px) 100vw, 768px\" \/><\/figure>\n\n\n\n<figure class=\"wp-block-image size-large\"><img loading=\"lazy\" decoding=\"async\" width=\"1024\" height=\"572\" data-id=\"107\" src=\"https:\/\/renesansa.org.ba\/wp-content\/uploads\/2024\/05\/Dan-narcisa2-1024x572.jpg\" alt=\"\" class=\"wp-image-107\" srcset=\"https:\/\/renesansa.org.ba\/wp-content\/uploads\/2024\/05\/Dan-narcisa2-1024x572.jpg 1024w, https:\/\/renesansa.org.ba\/wp-content\/uploads\/2024\/05\/Dan-narcisa2-300x167.jpg 300w, https:\/\/renesansa.org.ba\/wp-content\/uploads\/2024\/05\/Dan-narcisa2-768x429.jpg 768w, https:\/\/renesansa.org.ba\/wp-content\/uploads\/2024\/05\/Dan-narcisa2.jpg 1453w\" sizes=\"auto, (max-width: 1024px) 100vw, 1024px\" \/><\/figure>\n<\/figure>\n","protected":false},"excerpt":{"rendered":"<p>Za sve \u010dlanice, a naro\u010dito one koje su na po\u010detku ili u procesu lije\u010denja, jako je bitno da prisustvuju ovim aktivnostima jer pored dru\u017eenja mnogo toga nau\u010de na predavanjima kao i iz iskustva onih koje su lije\u010denje uspje\u0161no zavr\u0161ile.<\/p>\n","protected":false},"author":1,"featured_media":0,"parent":0,"menu_order":0,"comment_status":"closed","ping_status":"closed","template":"","meta":{"footnotes":""},"class_list":["post-28","page","type-page","status-publish","hentry"],"_links":{"self":[{"href":"https:\/\/renesansa.org.ba\/index.php\/wp-json\/wp\/v2\/pages\/28","targetHints":{"allow":["GET"]}}],"collection":[{"href":"https:\/\/renesansa.org.ba\/index.php\/wp-json\/wp\/v2\/pages"}],"about":[{"href":"https:\/\/renesansa.org.ba\/index.php\/wp-json\/wp\/v2\/types\/page"}],"author":[{"embeddable":true,"href":"https:\/\/renesansa.org.ba\/index.php\/wp-json\/wp\/v2\/users\/1"}],"replies":[{"embeddable":true,"href":"https:\/\/renesansa.org.ba\/index.php\/wp-json\/wp\/v2\/comments?post=28"}],"version-history":[{"count":6,"href":"https:\/\/renesansa.org.ba\/index.php\/wp-json\/wp\/v2\/pages\/28\/revisions"}],"predecessor-version":[{"id":225,"href":"https:\/\/renesansa.org.ba\/index.php\/wp-json\/wp\/v2\/pages\/28\/revisions\/225"}],"wp:attachment":[{"href":"https:\/\/renesansa.org.ba\/index.php\/wp-json\/wp\/v2\/media?parent=28"}],"curies":[{"name":"wp","href":"https:\/\/api.w.org\/{rel}","templated":true}]}}