{"id":32,"date":"2023-10-23T13:51:40","date_gmt":"2023-10-23T13:51:40","guid":{"rendered":"https:\/\/renesansa.org.ba\/?page_id=32"},"modified":"2024-05-22T21:36:02","modified_gmt":"2024-05-22T21:36:02","slug":"druzenja","status":"publish","type":"page","link":"https:\/\/renesansa.org.ba\/index.php\/druzenja\/","title":{"rendered":"Dru\u017eenja"},"content":{"rendered":"\n<p>Udru\u017eenje je kao prva pomo\u0107 onima koje se tek suo\u010davaju sa dijagnozom, koje ne pi\u0161u u priru\u010dnicima i na koje doktori ne obrate pa\u017enju. Vjetar u le\u0111a svakako je \u010dinjenica da upoznaju \u017eene koje su pre\u017eivjele 10, 20 pa \u010dak i 30 godina i jo\u0161 aktivno u\u010destvuju u \u017eivotu.<\/p>\n\n\n\n<p><strong>Mjese\u010dni sastanci \u010dlanica u prostorijama udru\u017eenja<\/strong><\/p>\n\n\n\n<p>Mjese\u010dni sastanci su vrijeme u kojem \u010dlanice budu obavije\u0161tene o odra\u0111enim i planiranim aktivnostima, iznose svoja iskustva poma\u017eu\u0107i na taj na\u010din onima koje su na lije\u010denju da \u0161to lak\u0161e pre\u0111u taj put, predla\u017eu nove aktivnosti i upoznaju sa stanjem onih koje&nbsp; nisu&nbsp; u mogu\u0107nosti do\u0107i a posje\u0107uju ih.<\/p>\n\n\n\n<p>Tokom na\u0161ih dru\u017eenja pacjentice razmjenjuju informacije o putu od dijagnoze do izlije\u010denja, o mogu\u0107nosti rekonstrukcije dojke, nabavci specijalnih grudnjaka, proteza i perikama, limfedemu, vje\u017ebama nakon operacije&#8230;<\/p>\n\n\n\n<p><strong>Izleti<\/strong><\/p>\n\n\n\n<p>Izleti se organiziraju za cjelodnevno opu\u0161tanje, bolje me\u0111usobno upoznavanje koje ra\u0111a divna prijateljstva, kao i raznovrsni hobiji koji tom prilikom sve prisutne lijepo zabave i potaknu na sudjelovanje.<\/p>\n\n\n\n<p><strong>Posjete pozori\u0161tu<\/strong><\/p>\n\n\n\n<p>Posjete pozori\u0161tu su&nbsp; prilika za dru\u017eenje prije i poslije predstave, ali svakako bitno jer smo i dalje dio zbivanja u gradu i dru\u0161tvenom \u017eivotu a pozornica mjesto gdje zaronimo u neki drugi svijet sve zajedno.<\/p>\n\n\n\n<p><\/p>\n","protected":false},"excerpt":{"rendered":"<p>Udru\u017eenje je kao prva pomo\u0107 onima koje se tek suo\u010davaju sa dijagnozom, koje ne pi\u0161u u priru\u010dnicima i na koje doktori ne obrate pa\u017enju. Vjetar u le\u0111a svakako je \u010dinjenica da upoznaju \u017eene koje su pre\u017eivjele 10, 20 pa \u010dak i 30 godina i jo\u0161 aktivno u\u010destvuju u \u017eivotu. Mjese\u010dni sastanci \u010dlanica u prostorijama udru\u017eenja [&hellip;]<\/p>\n","protected":false},"author":1,"featured_media":0,"parent":0,"menu_order":0,"comment_status":"closed","ping_status":"closed","template":"","meta":{"footnotes":""},"class_list":["post-32","page","type-page","status-publish","hentry"],"_links":{"self":[{"href":"https:\/\/renesansa.org.ba\/index.php\/wp-json\/wp\/v2\/pages\/32","targetHints":{"allow":["GET"]}}],"collection":[{"href":"https:\/\/renesansa.org.ba\/index.php\/wp-json\/wp\/v2\/pages"}],"about":[{"href":"https:\/\/renesansa.org.ba\/index.php\/wp-json\/wp\/v2\/types\/page"}],"author":[{"embeddable":true,"href":"https:\/\/renesansa.org.ba\/index.php\/wp-json\/wp\/v2\/users\/1"}],"replies":[{"embeddable":true,"href":"https:\/\/renesansa.org.ba\/index.php\/wp-json\/wp\/v2\/comments?post=32"}],"version-history":[{"count":1,"href":"https:\/\/renesansa.org.ba\/index.php\/wp-json\/wp\/v2\/pages\/32\/revisions"}],"predecessor-version":[{"id":33,"href":"https:\/\/renesansa.org.ba\/index.php\/wp-json\/wp\/v2\/pages\/32\/revisions\/33"}],"wp:attachment":[{"href":"https:\/\/renesansa.org.ba\/index.php\/wp-json\/wp\/v2\/media?parent=32"}],"curies":[{"name":"wp","href":"https:\/\/api.w.org\/{rel}","templated":true}]}}