{"id":34,"date":"2023-10-23T13:52:06","date_gmt":"2023-10-23T13:52:06","guid":{"rendered":"https:\/\/renesansa.org.ba\/?page_id=34"},"modified":"2024-05-24T13:48:24","modified_gmt":"2024-05-24T13:48:24","slug":"radionice","status":"publish","type":"page","link":"https:\/\/renesansa.org.ba\/index.php\/radionice\/","title":{"rendered":"Radionice"},"content":{"rendered":"\n<p>Iskustva, smjernice i podr\u0161ka \u017eena koje su taj put ve\u0107 pro\u0161le neprocjenljiva je onima koje su na po\u010detku svoga lije\u010denja jer kretanje koz zdravstveni sistem izgleda kao lavirint.<\/p>\n\n\n\n<p>Hrabre i odva\u017ene \u017eene razbijaju tabue o bolesti, kroz razne radionice podi\u017eu poljuljano samopouzdanje, prepoznaju svoje potencijale, osposobljavaju se za ekonomsku samostalnost, ja\u010daju psiholo\u0161ki kako bi bile spremne da se uhvate u ko\u0161tac sa svim promjenama koje ova bolest donosi kako u privatnom tako i u poslovnom dijelu \u017eivota.<\/p>\n\n\n\n<h4 class=\"wp-block-heading\">Psiholo\u0161ka pomo\u0107\u00a0<\/h4>\n\n\n\n<p class=\"bez-margine\">Psiholo\u0161ka radionica nudi stru\u010dnu pomo\u0107 pacijentima da razumiju svoju dijagnozu i mogu\u0107e na\u010dine lije\u010denje. Pru\u017eanje psiholo\u0161kog savjetovanja pacijentima i njihovim porodicama, osigurava vi\u0161e sigurnosti i snage da se suo\u010de s izazovima raka dojke.<\/p>\n\n\n\n<figure class=\"wp-block-image size-large\"><img loading=\"lazy\" decoding=\"async\" width=\"1024\" height=\"497\" src=\"https:\/\/renesansa.org.ba\/wp-content\/uploads\/2024\/05\/Psiholoska-pomoc-1024x497.jpg\" alt=\"\" class=\"wp-image-125\" srcset=\"https:\/\/renesansa.org.ba\/wp-content\/uploads\/2024\/05\/Psiholoska-pomoc-1024x497.jpg 1024w, https:\/\/renesansa.org.ba\/wp-content\/uploads\/2024\/05\/Psiholoska-pomoc-300x145.jpg 300w, https:\/\/renesansa.org.ba\/wp-content\/uploads\/2024\/05\/Psiholoska-pomoc-768x372.jpg 768w, https:\/\/renesansa.org.ba\/wp-content\/uploads\/2024\/05\/Psiholoska-pomoc-1536x745.jpg 1536w, https:\/\/renesansa.org.ba\/wp-content\/uploads\/2024\/05\/Psiholoska-pomoc.jpg 2048w\" sizes=\"auto, (max-width: 1024px) 100vw, 1024px\" \/><\/figure>\n\n\n\n<h4 class=\"wp-block-heading\">Kreativna radionica<\/h4>\n\n\n\n<p class=\"bez-margine\">Za nas je dru\u017eenje gdje se razmijenjuju vje\u0161tine i znanja \u0161to, osim zabave i relaksacije, mo\u017ee donijeti i novo zanimanje.<\/p>\n\n\n\n<h4 class=\"wp-block-heading\">Pilates<\/h4>\n\n\n\n<p class=\"bez-margine\">Vje\u017ebe prilago\u0111ene operisanim \u017eenama a poma\u017eu da kroz dru\u017eenje dostignu potrebnu kondiciju i elasti\u010dnost.<\/p>\n\n\n\n<h4 class=\"wp-block-heading\">Meditacija<\/h4>\n\n\n\n<p class=\"bez-margine\">Mislima otputujemo na mjesta koja smo same zamislile i gdje se osje\u0107amo potpuno sretno a svi problemi manje va\u017eni.<\/p>\n\n\n\n<h4 class=\"wp-block-heading\">Ples<\/h4>\n\n\n\n<p class=\"bez-margine\">Ovdje su nam du\u0161a i tijelo jedno sa muzikom pa kroz ples i pjesmu, onako kako nas ponese, bez pravila i koraka, pu\u0161tamo da sve negativno iza\u0111e van a mi sretne odemo ku\u0107i.<\/p>\n\n\n\n<p><\/p>\n","protected":false},"excerpt":{"rendered":"<p>Iskustva, smjernice i podr\u0161ka \u017eena koje su taj put ve\u0107 pro\u0161le neprocjenljiva je onima koje su na po\u010detku svoga lije\u010denja jer kretanje koz zdravstveni sistem izgleda kao lavirint. Hrabre i odva\u017ene \u017eene razbijaju tabue o bolesti, kroz razne radionice podi\u017eu poljuljano samopouzdanje, prepoznaju svoje potencijale, osposobljavaju se za ekonomsku samostalnost, ja\u010daju psiholo\u0161ki kako bi bile [&hellip;]<\/p>\n","protected":false},"author":1,"featured_media":0,"parent":0,"menu_order":0,"comment_status":"closed","ping_status":"closed","template":"","meta":{"footnotes":""},"class_list":["post-34","page","type-page","status-publish","hentry"],"_links":{"self":[{"href":"https:\/\/renesansa.org.ba\/index.php\/wp-json\/wp\/v2\/pages\/34","targetHints":{"allow":["GET"]}}],"collection":[{"href":"https:\/\/renesansa.org.ba\/index.php\/wp-json\/wp\/v2\/pages"}],"about":[{"href":"https:\/\/renesansa.org.ba\/index.php\/wp-json\/wp\/v2\/types\/page"}],"author":[{"embeddable":true,"href":"https:\/\/renesansa.org.ba\/index.php\/wp-json\/wp\/v2\/users\/1"}],"replies":[{"embeddable":true,"href":"https:\/\/renesansa.org.ba\/index.php\/wp-json\/wp\/v2\/comments?post=34"}],"version-history":[{"count":7,"href":"https:\/\/renesansa.org.ba\/index.php\/wp-json\/wp\/v2\/pages\/34\/revisions"}],"predecessor-version":[{"id":231,"href":"https:\/\/renesansa.org.ba\/index.php\/wp-json\/wp\/v2\/pages\/34\/revisions\/231"}],"wp:attachment":[{"href":"https:\/\/renesansa.org.ba\/index.php\/wp-json\/wp\/v2\/media?parent=34"}],"curies":[{"name":"wp","href":"https:\/\/api.w.org\/{rel}","templated":true}]}}