{"id":7,"date":"2023-10-23T13:34:53","date_gmt":"2023-10-23T13:34:53","guid":{"rendered":"https:\/\/renesansa.org.ba\/?page_id=7"},"modified":"2024-05-24T13:27:33","modified_gmt":"2024-05-24T13:27:33","slug":"renesansa","status":"publish","type":"page","link":"https:\/\/renesansa.org.ba\/","title":{"rendered":""},"content":{"rendered":"\n<div class=\"wp-block-columns is-layout-flex wp-container-core-columns-is-layout-28f84493 wp-block-columns-is-layout-flex\">\n<div class=\"wp-block-column is-layout-flow wp-block-column-is-layout-flow\" style=\"flex-basis:33.33%\">\n<figure class=\"wp-block-image size-full is-resized\"><img loading=\"lazy\" decoding=\"async\" width=\"312\" height=\"437\" src=\"https:\/\/renesansa.org.ba\/wp-content\/uploads\/2024\/05\/Renesansa-LOGO-svijetli.png\" alt=\"\" class=\"wp-image-60\" style=\"width:auto;height:150px\" srcset=\"https:\/\/renesansa.org.ba\/wp-content\/uploads\/2024\/05\/Renesansa-LOGO-svijetli.png 312w, https:\/\/renesansa.org.ba\/wp-content\/uploads\/2024\/05\/Renesansa-LOGO-svijetli-214x300.png 214w\" sizes=\"auto, (max-width: 312px) 100vw, 312px\" \/><\/figure>\n<\/div>\n<\/div>\n\n\n\n<h2 class=\"wp-block-heading\">Renesansa<\/h2>\n\n\n\n<div class=\"wp-block-group alignfull is-layout-flow wp-block-group-is-layout-flow\">\n<div class=\"wp-block-cover is-light has-parallax is-repeated trakice\" style=\"min-height:478px;aspect-ratio:unset;\"><span aria-hidden=\"true\" class=\"wp-block-cover__background has-background-dim-0 has-background-dim\" style=\"background-color:#eebdd2\"><\/span><div class=\"wp-block-cover__image-background wp-image-141 has-parallax is-repeated\" style=\"background-position:50% 50%;background-image:url(https:\/\/renesansa.org.ba\/wp-content\/uploads\/2024\/05\/trakice2.png)\"><\/div><div class=\"wp-block-cover__inner-container has-global-padding is-layout-constrained wp-block-cover-is-layout-constrained\">\n<h2 class=\"wp-block-heading has-text-align-left has-text-color has-x-large-font-size\" style=\"color:#bf3485\">Jedna drugoj smo podr\u0161ka<\/h2>\n\n\n\n<p><em>&#8220;Put koji prolaze \u017eene sa dijagnozom karcinoma dojke je neopisivo te\u017eak, mukotrpan, bolan i \u010desto vrlo neizvjestan, ali je mogu\u0107 iako, na kraju toga puta nikada vi\u0161e niste ista osoba koja je na njega krenula.&#8221;<\/em><\/p>\n<\/div><\/div>\n<\/div>\n\n\n\n<figure class=\"wp-block-image alignfull size-large bez-margine\"><img loading=\"lazy\" decoding=\"async\" width=\"1024\" height=\"533\" src=\"https:\/\/renesansa.org.ba\/wp-content\/uploads\/2024\/05\/Naslovna1-1024x533.jpg\" alt=\"\" class=\"wp-image-59\" srcset=\"https:\/\/renesansa.org.ba\/wp-content\/uploads\/2024\/05\/Naslovna1-1024x533.jpg 1024w, https:\/\/renesansa.org.ba\/wp-content\/uploads\/2024\/05\/Naslovna1-300x156.jpg 300w, https:\/\/renesansa.org.ba\/wp-content\/uploads\/2024\/05\/Naslovna1-768x400.jpg 768w, https:\/\/renesansa.org.ba\/wp-content\/uploads\/2024\/05\/Naslovna1-1536x800.jpg 1536w, https:\/\/renesansa.org.ba\/wp-content\/uploads\/2024\/05\/Naslovna1.jpg 2038w\" sizes=\"auto, (max-width: 1024px) 100vw, 1024px\" \/><\/figure>\n\n\n\n<div class=\"wp-block-group alignfull bez-margine is-layout-flow wp-block-group-is-layout-flow\">\n<div class=\"wp-block-cover is-light has-parallax is-repeated trakice\" style=\"min-height:478px;aspect-ratio:unset;\"><span aria-hidden=\"true\" class=\"wp-block-cover__background has-background-dim-0 has-background-dim\" style=\"background-color:#eebdd2\"><\/span><div class=\"wp-block-cover__image-background wp-image-141 has-parallax is-repeated\" style=\"background-position:50% 50%;background-image:url(https:\/\/renesansa.org.ba\/wp-content\/uploads\/2024\/05\/trakice2.png)\"><\/div><div class=\"wp-block-cover__inner-container has-global-padding is-layout-constrained wp-block-cover-is-layout-constrained\">\n<h2 class=\"wp-block-heading has-text-align-left has-text-color has-x-large-font-size\" id=\"o-renesansi\" style=\"color:#bf3485\">O Renesansi<\/h2>\n\n\n\n<p class=\"italic-boja\">Udru\u017eenje Renesansa&nbsp;Sarajevo je osnovano u maju 1999. godine pod motom: <em>&#8220;Bolesni poma\u017eu bolesnima &#8211; nau\u010dimo \u017eivjeti sa bole\u0161\u0107u &#8211; \u017eivot me ponovo zove.&#8221;<\/em> Mi smo nestrana\u010dka, nevladina i neprofitna organizacija.<\/p>\n\n\n\n<p>Renesansa okuplja oboljele i lije\u010dene \u017eene koje su se izborile ili se jo\u0161 bore sa karcinomom dojke. Svjesne koliko je bolest promijenila njihove \u017eivote, odlu\u010dile su da o tome govore javno i svim \u017eenama uka\u017eu na va\u017enost samopregleda, redovnih kontrola kod doktora, prepoznavanja prvih simptoma i ranog otkrivanja. Rana detekcija zna\u010di puno lak\u0161e i jednostavnije lije\u010denje sa boljim rezultatima.<\/p>\n<\/div><\/div>\n<\/div>\n\n\n\n<figure class=\"wp-block-image alignfull size-large bez-margine\"><img loading=\"lazy\" decoding=\"async\" width=\"1024\" height=\"508\" src=\"https:\/\/renesansa.org.ba\/wp-content\/uploads\/2024\/05\/Dan-narcisa3-1024x508.jpg\" alt=\"\" class=\"wp-image-101\" srcset=\"https:\/\/renesansa.org.ba\/wp-content\/uploads\/2024\/05\/Dan-narcisa3-1024x508.jpg 1024w, https:\/\/renesansa.org.ba\/wp-content\/uploads\/2024\/05\/Dan-narcisa3-300x149.jpg 300w, https:\/\/renesansa.org.ba\/wp-content\/uploads\/2024\/05\/Dan-narcisa3-768x381.jpg 768w, https:\/\/renesansa.org.ba\/wp-content\/uploads\/2024\/05\/Dan-narcisa3.jpg 1450w\" sizes=\"auto, (max-width: 1024px) 100vw, 1024px\" \/><\/figure>\n\n\n\n<p>Kruna na\u0161eg dvadesetpetogodi\u0161njeg rada i postojanja je dodjela \u0160estoaprilske nagrade grada Sarajeva, koju je Renesansa dobila 2024. godine.<\/p>\n\n\n\n<div class=\"wp-block-columns alignwide is-layout-flex wp-container-core-columns-is-layout-28f84493 wp-block-columns-is-layout-flex\">\n<div class=\"wp-block-column is-layout-flow wp-block-column-is-layout-flow\" style=\"flex-basis:50%\">\n<figure class=\"wp-block-image size-large\"><img loading=\"lazy\" decoding=\"async\" width=\"1024\" height=\"711\" src=\"https:\/\/renesansa.org.ba\/wp-content\/uploads\/2024\/05\/slika-3-6aprilska-nagrada-1024x711.jpg\" alt=\"\" class=\"wp-image-110\" srcset=\"https:\/\/renesansa.org.ba\/wp-content\/uploads\/2024\/05\/slika-3-6aprilska-nagrada-1024x711.jpg 1024w, https:\/\/renesansa.org.ba\/wp-content\/uploads\/2024\/05\/slika-3-6aprilska-nagrada-300x208.jpg 300w, https:\/\/renesansa.org.ba\/wp-content\/uploads\/2024\/05\/slika-3-6aprilska-nagrada-768x533.jpg 768w, https:\/\/renesansa.org.ba\/wp-content\/uploads\/2024\/05\/slika-3-6aprilska-nagrada.jpg 1477w\" sizes=\"auto, (max-width: 1024px) 100vw, 1024px\" \/><\/figure>\n<\/div>\n\n\n\n<div class=\"wp-block-column is-layout-flow wp-block-column-is-layout-flow\" style=\"flex-basis:50%\">\n<figure class=\"wp-block-image size-large\"><img loading=\"lazy\" decoding=\"async\" width=\"1024\" height=\"768\" src=\"https:\/\/renesansa.org.ba\/wp-content\/uploads\/2024\/05\/slika-4-6april-1024x768.jpg\" alt=\"\" class=\"wp-image-105\" srcset=\"https:\/\/renesansa.org.ba\/wp-content\/uploads\/2024\/05\/slika-4-6april-1024x768.jpg 1024w, https:\/\/renesansa.org.ba\/wp-content\/uploads\/2024\/05\/slika-4-6april-300x225.jpg 300w, https:\/\/renesansa.org.ba\/wp-content\/uploads\/2024\/05\/slika-4-6april-768x576.jpg 768w, https:\/\/renesansa.org.ba\/wp-content\/uploads\/2024\/05\/slika-4-6april-1536x1152.jpg 1536w, https:\/\/renesansa.org.ba\/wp-content\/uploads\/2024\/05\/slika-4-6april.jpg 1600w\" sizes=\"auto, (max-width: 1024px) 100vw, 1024px\" \/><\/figure>\n<\/div>\n<\/div>\n\n\n\n<div class=\"wp-block-group alignfull bez-margine is-layout-flow wp-block-group-is-layout-flow\">\n<div class=\"wp-block-cover is-light has-parallax is-repeated trakice\" style=\"min-height:478px;aspect-ratio:unset;\"><span aria-hidden=\"true\" class=\"wp-block-cover__background has-background-dim-0 has-background-dim\" style=\"background-color:#eebdd2\"><\/span><div class=\"wp-block-cover__image-background wp-image-141 has-parallax is-repeated\" style=\"background-position:50% 50%;background-image:url(https:\/\/renesansa.org.ba\/wp-content\/uploads\/2024\/05\/trakice2.png)\"><\/div><div class=\"wp-block-cover__inner-container has-global-padding is-layout-constrained wp-block-cover-is-layout-constrained\">\n<h2 class=\"wp-block-heading has-custom-ljubicasta-color has-text-color has-link-color wp-elements-6c16fe817405edf634d1f5edeefa675b\" id=\"aktivnosti\">Aktivnosti<\/h2>\n\n\n\n<p>Udru\u017eenje Renesansa organizira dru\u0161tvene aktivnosti, radionice i dru\u017eenja za svoje \u010dlanice, poma\u017eu\u0107i im da se osje\u0107aju dijelom zajednice. Na na\u0161im okupljanjima Renesansice mogu podijeliti svoja iskustva s drugim \u017eenama koji prolaze kroz istu stvar. Tokom ovih okupljanja razmjenjuju se i bitne informacije koje olak\u0161avaju svakodnevni \u017eivot i \u010dine na\u0161u borbu odlu\u010dnijom.<\/p>\n\n\n\n<div class=\"wp-block-columns alignwide is-layout-flex wp-container-core-columns-is-layout-28f84493 wp-block-columns-is-layout-flex\">\n<div class=\"wp-block-column is-layout-flow wp-block-column-is-layout-flow\" style=\"flex-basis:33.34%\">\n<p class=\"has-text-align-left kapica has-contrast-color has-custom-ljubicasta-background-color has-text-color has-background has-link-color has-large-font-size wp-elements-c540ee9333b2c7d01fde52d9f6bf399e\" style=\"margin-top:0;margin-bottom:0\"><a href=\"https:\/\/renesansa.org.ba\/index.php\/dogadjaji\/\" data-type=\"page\" data-id=\"28\">Dru\u0161tvene aktivnosti<\/a><\/p>\n\n\n\n<figure class=\"wp-block-image bez-margine\"><a href=\"https:\/\/renesansa.org.ba\/index.php\/dogadjaji\/\"><img loading=\"lazy\" decoding=\"async\" width=\"810\" height=\"810\" src=\"https:\/\/renesansa.org.ba\/wp-content\/uploads\/2024\/05\/slika-5-drustvene-aktivnosti.jpg\" alt=\"\" class=\"wp-image-106\" srcset=\"https:\/\/renesansa.org.ba\/wp-content\/uploads\/2024\/05\/slika-5-drustvene-aktivnosti.jpg 810w, https:\/\/renesansa.org.ba\/wp-content\/uploads\/2024\/05\/slika-5-drustvene-aktivnosti-300x300.jpg 300w, https:\/\/renesansa.org.ba\/wp-content\/uploads\/2024\/05\/slika-5-drustvene-aktivnosti-150x150.jpg 150w, https:\/\/renesansa.org.ba\/wp-content\/uploads\/2024\/05\/slika-5-drustvene-aktivnosti-768x768.jpg 768w\" sizes=\"auto, (max-width: 810px) 100vw, 810px\" \/><\/a><\/figure>\n<\/div>\n\n\n\n<div class=\"wp-block-column is-layout-flow wp-block-column-is-layout-flow\" style=\"flex-basis:33.34%\">\n<p class=\"has-text-align-left kapica has-contrast-color has-custom-ljubicasta-background-color has-text-color has-background has-link-color has-large-font-size wp-elements-23021d3981280d50c6015623ad86cd88\"><a href=\"https:\/\/renesansa.org.ba\/index.php\/aktivnosti\/radionice\/\" data-type=\"page\" data-id=\"34\">Radionice<\/a><\/p>\n\n\n\n<figure class=\"wp-block-image size-large bez-margine\"><a href=\"https:\/\/renesansa.org.ba\/index.php\/radionice\/\"><img loading=\"lazy\" decoding=\"async\" width=\"1024\" height=\"1024\" src=\"https:\/\/renesansa.org.ba\/wp-content\/uploads\/2024\/05\/slika-6-Radionica-1024x1024.jpg\" alt=\"\" class=\"wp-image-113\" srcset=\"https:\/\/renesansa.org.ba\/wp-content\/uploads\/2024\/05\/slika-6-Radionica-1024x1024.jpg 1024w, https:\/\/renesansa.org.ba\/wp-content\/uploads\/2024\/05\/slika-6-Radionica-300x300.jpg 300w, https:\/\/renesansa.org.ba\/wp-content\/uploads\/2024\/05\/slika-6-Radionica-150x150.jpg 150w, https:\/\/renesansa.org.ba\/wp-content\/uploads\/2024\/05\/slika-6-Radionica-768x769.jpg 768w, https:\/\/renesansa.org.ba\/wp-content\/uploads\/2024\/05\/slika-6-Radionica.jpg 1448w\" sizes=\"auto, (max-width: 1024px) 100vw, 1024px\" \/><\/a><\/figure>\n<\/div>\n\n\n\n<div class=\"wp-block-column is-layout-flow wp-block-column-is-layout-flow\" style=\"flex-basis:33.33%\">\n<p class=\"has-text-align-left kapica has-contrast-color has-custom-ljubicasta-background-color has-text-color has-background has-link-color has-large-font-size wp-elements-1df94e9537a6643b54c6cd6b1d7b91b6\"><a href=\"https:\/\/renesansa.org.ba\/index.php\/aktivnosti\/druzenja\/\" data-type=\"page\" data-id=\"32\">Dru\u017eenja<\/a><\/p>\n\n\n\n<figure class=\"wp-block-image size-large bez-margine\"><a href=\"https:\/\/renesansa.org.ba\/index.php\/druzenja\/\"><img loading=\"lazy\" decoding=\"async\" width=\"1024\" height=\"1024\" src=\"https:\/\/renesansa.org.ba\/wp-content\/uploads\/2024\/05\/slika-7-Druzenja-1024x1024.jpg\" alt=\"\" class=\"wp-image-111\" srcset=\"https:\/\/renesansa.org.ba\/wp-content\/uploads\/2024\/05\/slika-7-Druzenja-1024x1024.jpg 1024w, https:\/\/renesansa.org.ba\/wp-content\/uploads\/2024\/05\/slika-7-Druzenja-300x300.jpg 300w, https:\/\/renesansa.org.ba\/wp-content\/uploads\/2024\/05\/slika-7-Druzenja-150x150.jpg 150w, https:\/\/renesansa.org.ba\/wp-content\/uploads\/2024\/05\/slika-7-Druzenja-768x768.jpg 768w, https:\/\/renesansa.org.ba\/wp-content\/uploads\/2024\/05\/slika-7-Druzenja.jpg 1200w\" sizes=\"auto, (max-width: 1024px) 100vw, 1024px\" \/><\/a><\/figure>\n<\/div>\n<\/div>\n<\/div><\/div>\n<\/div>\n\n\n\n<div class=\"wp-block-media-text alignwide is-stacked-on-mobile\" style=\"grid-template-columns:34% auto\"><figure class=\"wp-block-media-text__media\"><img loading=\"lazy\" decoding=\"async\" width=\"788\" height=\"1024\" src=\"https:\/\/renesansa.org.ba\/wp-content\/uploads\/2024\/05\/2-Pink-ribbon-788x1024.jpg\" alt=\"\" class=\"wp-image-114 size-full\" srcset=\"https:\/\/renesansa.org.ba\/wp-content\/uploads\/2024\/05\/2-Pink-ribbon-788x1024.jpg 788w, https:\/\/renesansa.org.ba\/wp-content\/uploads\/2024\/05\/2-Pink-ribbon-231x300.jpg 231w, https:\/\/renesansa.org.ba\/wp-content\/uploads\/2024\/05\/2-Pink-ribbon-768x998.jpg 768w, https:\/\/renesansa.org.ba\/wp-content\/uploads\/2024\/05\/2-Pink-ribbon.jpg 984w\" sizes=\"auto, (max-width: 788px) 100vw, 788px\" \/><\/figure><div class=\"wp-block-media-text__content\">\n<h1 class=\"wp-block-heading\" id=\"doniraj-sada\">Doniraj sada<\/h1>\n\n\n\n<p>Va\u0161a donacija \u0107e biti va\u017ean i vrijedan doprinos borbi protiv raka dojke. Donacijom \u0107ete podr\u017eati sve \u010dlanice <strong><em>Renesanse<\/em><\/strong> i omogu\u0107iti nam da se aktivno zala\u017eemo za bolje zdravlje i \u017eivot kroz aktivnosti i projekte Udru\u017eenja.<\/p>\n\n\n\n<p>Naziv: Udru\u017eenje&nbsp;\u201cRenesansa\u201d<br>Adresa: Dolina br. 1, Sarajevo<br>Broj ra\u010duna: 194 0014 720 700 116<\/p>\n<\/div><\/div>\n","protected":false},"excerpt":{"rendered":"<p>Renesansa Kruna na\u0161eg dvadesetpetogodi\u0161njeg rada i postojanja je dodjela \u0160estoaprilske nagrade grada Sarajeva, koju je Renesansa dobila 2024. godine. Doniraj sada Va\u0161a donacija \u0107e biti va\u017ean i vrijedan doprinos borbi protiv raka dojke. Donacijom \u0107ete podr\u017eati sve \u010dlanice Renesanse i omogu\u0107iti nam da se aktivno zala\u017eemo za bolje zdravlje i \u017eivot kroz aktivnosti i projekte [&hellip;]<\/p>\n","protected":false},"author":1,"featured_media":0,"parent":0,"menu_order":0,"comment_status":"closed","ping_status":"closed","template":"","meta":{"footnotes":""},"class_list":["post-7","page","type-page","status-publish","hentry"],"_links":{"self":[{"href":"https:\/\/renesansa.org.ba\/index.php\/wp-json\/wp\/v2\/pages\/7","targetHints":{"allow":["GET"]}}],"collection":[{"href":"https:\/\/renesansa.org.ba\/index.php\/wp-json\/wp\/v2\/pages"}],"about":[{"href":"https:\/\/renesansa.org.ba\/index.php\/wp-json\/wp\/v2\/types\/page"}],"author":[{"embeddable":true,"href":"https:\/\/renesansa.org.ba\/index.php\/wp-json\/wp\/v2\/users\/1"}],"replies":[{"embeddable":true,"href":"https:\/\/renesansa.org.ba\/index.php\/wp-json\/wp\/v2\/comments?post=7"}],"version-history":[{"count":70,"href":"https:\/\/renesansa.org.ba\/index.php\/wp-json\/wp\/v2\/pages\/7\/revisions"}],"predecessor-version":[{"id":219,"href":"https:\/\/renesansa.org.ba\/index.php\/wp-json\/wp\/v2\/pages\/7\/revisions\/219"}],"wp:attachment":[{"href":"https:\/\/renesansa.org.ba\/index.php\/wp-json\/wp\/v2\/media?parent=7"}],"curies":[{"name":"wp","href":"https:\/\/api.w.org\/{rel}","templated":true}]}}